{"id":64,"date":"2020-09-08T14:27:22","date_gmt":"2020-09-08T12:27:22","guid":{"rendered":"https:\/\/www.happyflame.eu\/?page_id=64"},"modified":"2020-10-03T20:21:17","modified_gmt":"2020-10-03T18:21:17","slug":"vyrobky","status":"publish","type":"page","link":"https:\/\/www.happyflame.eu\/?page_id=64","title":{"rendered":"V\u00fdrobky"},"content":{"rendered":"\n<p>\u010ci sa potulujete lesom s\u00e1m, alebo rob\u00edte hostinu pre svojich priate\u013eov, u&nbsp;n\u00e1s v\u017edy n\u00e1jdete vhodn\u00fa UFO ve\u013ekos\u0165.<br>UFO disky s\u00fa dostupn\u00e9 v&nbsp;rozli\u010dn\u00fdch ve\u013ekostiach v&nbsp;na\u0161om eshope a&nbsp;u&nbsp;na\u0161ich partnerov. <\/p>\n\n\n\n<p><br><\/p>\n\n\n\n<div class=\"wp-block-image\"><figure class=\"alignleft size-large is-resized\"><img loading=\"lazy\" decoding=\"async\" src=\"https:\/\/www.happyflame.eu\/wp-content\/uploads\/2020\/09\/Ufo-cooking-dish-types-832x1024.jpg\" alt=\"\" class=\"wp-image-143\" width=\"298\" height=\"366\" srcset=\"https:\/\/www.happyflame.eu\/wp-content\/uploads\/2020\/09\/Ufo-cooking-dish-types-832x1024.jpg 832w, https:\/\/www.happyflame.eu\/wp-content\/uploads\/2020\/09\/Ufo-cooking-dish-types-244x300.jpg 244w, https:\/\/www.happyflame.eu\/wp-content\/uploads\/2020\/09\/Ufo-cooking-dish-types-768x946.jpg 768w, https:\/\/www.happyflame.eu\/wp-content\/uploads\/2020\/09\/Ufo-cooking-dish-types.jpg 947w\" sizes=\"(max-width: 298px) 100vw, 298px\" \/><\/figure><\/div>\n\n\n\n<p><strong>UFO TOURIST:<\/strong><br>2-3 osoby \u2013 priemer 18 cm, v\u00e1ha 500 g (ide\u00e1lne pre 0,8 kg m\u00e4sa, 0,4 kg zeleniny)<\/p>\n\n\n\n<p><\/p>\n\n\n\n<p><strong>UFO FAMILY:<\/strong><br>5-8 os\u00f4b \u2013 priemer 27 cm, v\u00e1ha 975 g (ide\u00e1lne pre 1,5 kg m\u00e4sa, 1 kg zeleniny)<\/p>\n\n\n\n<p><br><strong>UFO PARTY:<br><\/strong>10-12 os\u00f4b \u2013 priemer 36 cm, v\u00e1ha 1375 g (ide\u00e1lne pre 2,5 kg m\u00e4sa, 2 kg zeleniny)<\/p>\n\n\n\n<figure class=\"wp-block-image alignwide size-large\"><img loading=\"lazy\" decoding=\"async\" width=\"781\" height=\"13\" src=\"https:\/\/www.happyflame.eu\/wp-content\/uploads\/2020\/09\/blog-linia.jpg\" alt=\"\" class=\"wp-image-56\" srcset=\"https:\/\/www.happyflame.eu\/wp-content\/uploads\/2020\/09\/blog-linia.jpg 781w, https:\/\/www.happyflame.eu\/wp-content\/uploads\/2020\/09\/blog-linia-600x10.jpg 600w, https:\/\/www.happyflame.eu\/wp-content\/uploads\/2020\/09\/blog-linia-300x5.jpg 300w, https:\/\/www.happyflame.eu\/wp-content\/uploads\/2020\/09\/blog-linia-768x13.jpg 768w, https:\/\/www.happyflame.eu\/wp-content\/uploads\/2020\/09\/blog-linia-710x13.jpg 710w\" sizes=\"(max-width: 781px) 100vw, 781px\" \/><\/figure>\n\n\n\n<p><\/p>\n\n\n\n<p>Okrem UFO \u2013 diskov na pe\u010denie pon\u00fakame aj pr\u00edslu\u0161enstv\u00e1, ta\u0161ky a&nbsp;klie\u0161te na disk, liatinov\u00e9 grilovacie pl\u00e1ty, mrie\u017eky a&nbsp;overen\u00e9 koreninov\u00e9 zmesi nielen k&nbsp;UFO receptom, ale aj ku grilovaniu a&nbsp;barbeque.<\/p>\n\n\n\n<figure class=\"wp-block-image size-large is-resized is-style-rounded\"><img loading=\"lazy\" decoding=\"async\" src=\"https:\/\/www.happyflame.eu\/wp-content\/uploads\/2020\/09\/Happy-flame-UFO-5-1024x250.jpg\" alt=\"\" class=\"wp-image-34\" width=\"1110\" height=\"271\" srcset=\"https:\/\/www.happyflame.eu\/wp-content\/uploads\/2020\/09\/Happy-flame-UFO-5-1024x250.jpg 1024w, https:\/\/www.happyflame.eu\/wp-content\/uploads\/2020\/09\/Happy-flame-UFO-5-600x147.jpg 600w, https:\/\/www.happyflame.eu\/wp-content\/uploads\/2020\/09\/Happy-flame-UFO-5-300x73.jpg 300w, https:\/\/www.happyflame.eu\/wp-content\/uploads\/2020\/09\/Happy-flame-UFO-5-768x188.jpg 768w, https:\/\/www.happyflame.eu\/wp-content\/uploads\/2020\/09\/Happy-flame-UFO-5-1536x375.jpg 1536w, https:\/\/www.happyflame.eu\/wp-content\/uploads\/2020\/09\/Happy-flame-UFO-5.jpg 1948w\" sizes=\"(max-width: 1110px) 100vw, 1110px\" \/><\/figure>\n\n\n\n<p>Ak ste obchodn\u00edk a&nbsp;radi by ste sa stali na\u0161\u00edm partnerom, pros\u00edm, kontaktujte n\u00e1s na e-mailovej adrese: <a href=\"mailto:info@happyflame.eu\">info@happyflame.eu<\/a><\/p>\n","protected":false},"excerpt":{"rendered":"<p>\u010ci sa potulujete lesom s\u00e1m, alebo rob\u00edte hostinu pre svojich priate\u013eov, u&nbsp;n\u00e1s v\u017edy n\u00e1jdete vhodn\u00fa UFO ve\u013ekos\u0165.UFO disky s\u00fa dostupn\u00e9 v&nbsp;rozli\u010dn\u00fdch ve\u013ekostiach v&nbsp;na\u0161om eshope a&nbsp;u&nbsp;na\u0161ich partnerov. UFO TOURIST:2-3 osoby \u2013 priemer 18 cm, v\u00e1ha 500 g (ide\u00e1lne pre 0,8 kg m\u00e4sa, 0,4 kg zeleniny) UFO FAMILY:5-8 os\u00f4b \u2013 priemer 27 cm, v\u00e1ha 975 g (ide\u00e1lne [&hellip;]<\/p>\n","protected":false},"author":2,"featured_media":143,"parent":0,"menu_order":0,"comment_status":"closed","ping_status":"closed","template":"","meta":{"_bbp_topic_count":0,"_bbp_reply_count":0,"_bbp_total_topic_count":0,"_bbp_total_reply_count":0,"_bbp_voice_count":0,"_bbp_anonymous_reply_count":0,"_bbp_topic_count_hidden":0,"_bbp_reply_count_hidden":0,"_bbp_forum_subforum_count":0,"footnotes":""},"jetpack_sharing_enabled":true,"_links":{"self":[{"href":"https:\/\/www.happyflame.eu\/index.php?rest_route=\/wp\/v2\/pages\/64"}],"collection":[{"href":"https:\/\/www.happyflame.eu\/index.php?rest_route=\/wp\/v2\/pages"}],"about":[{"href":"https:\/\/www.happyflame.eu\/index.php?rest_route=\/wp\/v2\/types\/page"}],"author":[{"embeddable":true,"href":"https:\/\/www.happyflame.eu\/index.php?rest_route=\/wp\/v2\/users\/2"}],"replies":[{"embeddable":true,"href":"https:\/\/www.happyflame.eu\/index.php?rest_route=%2Fwp%2Fv2%2Fcomments&post=64"}],"version-history":[{"count":4,"href":"https:\/\/www.happyflame.eu\/index.php?rest_route=\/wp\/v2\/pages\/64\/revisions"}],"predecessor-version":[{"id":296,"href":"https:\/\/www.happyflame.eu\/index.php?rest_route=\/wp\/v2\/pages\/64\/revisions\/296"}],"wp:featuredmedia":[{"embeddable":true,"href":"https:\/\/www.happyflame.eu\/index.php?rest_route=\/wp\/v2\/media\/143"}],"wp:attachment":[{"href":"https:\/\/www.happyflame.eu\/index.php?rest_route=%2Fwp%2Fv2%2Fmedia&parent=64"}],"curies":[{"name":"wp","href":"https:\/\/api.w.org\/{rel}","templated":true}]}}