{"id":2,"date":"2020-09-06T20:14:03","date_gmt":"2020-09-06T18:14:03","guid":{"rendered":"https:\/\/www.happyflame.eu\/?page_id=2"},"modified":"2020-09-29T21:21:33","modified_gmt":"2020-09-29T19:21:33","slug":"ukazka-strany","status":"publish","type":"page","link":"https:\/\/www.happyflame.eu\/","title":{"rendered":"UFO Disk"},"content":{"rendered":"\n<p><strong>Star\u00e1te sa o ve\u013ek\u00fa z\u00e1hradu a neost\u00e1va v\u00e1m \u010das na pr\u00edpravu ve\u010dere? UFO &#8211; disk na pe\u010denie!<br>Nem\u00e1te z\u00e1hradu, ale radi si u\u017e\u00edvate pobyt vo vo\u013enej pr\u00edrode, potulky lesom alebo ryb\u00e1r\u010denie? UFO -disk na pe\u010denie!<br>Nie ste \u0161\u00e9fkuch\u00e1rom, ale radi by ste oh\u00farili va\u0161ich priate\u013eov v\u00fdnimo\u010dn\u00fdm jedlom? UFO &#8211; disk na pe\u010denie!<\/strong><\/p>\n\n\n\n<p><\/p>\n\n\n\n<div class=\"wp-block-image\"><figure class=\"aligncenter size-large\"><img loading=\"lazy\" decoding=\"async\" width=\"1024\" height=\"633\" src=\"https:\/\/www.happyflame.eu\/wp-content\/uploads\/2020\/09\/UFO-Disk-na-pecenie-Inspirovany-minulostou-navrhnuty-pre-buducnost-SK-1024x633.jpg\" alt=\"\" class=\"wp-image-247\" srcset=\"https:\/\/www.happyflame.eu\/wp-content\/uploads\/2020\/09\/UFO-Disk-na-pecenie-Inspirovany-minulostou-navrhnuty-pre-buducnost-SK-1024x633.jpg 1024w, https:\/\/www.happyflame.eu\/wp-content\/uploads\/2020\/09\/UFO-Disk-na-pecenie-Inspirovany-minulostou-navrhnuty-pre-buducnost-SK-300x185.jpg 300w, https:\/\/www.happyflame.eu\/wp-content\/uploads\/2020\/09\/UFO-Disk-na-pecenie-Inspirovany-minulostou-navrhnuty-pre-buducnost-SK-768x474.jpg 768w, https:\/\/www.happyflame.eu\/wp-content\/uploads\/2020\/09\/UFO-Disk-na-pecenie-Inspirovany-minulostou-navrhnuty-pre-buducnost-SK-340x210.jpg 340w, https:\/\/www.happyflame.eu\/wp-content\/uploads\/2020\/09\/UFO-Disk-na-pecenie-Inspirovany-minulostou-navrhnuty-pre-buducnost-SK.jpg 1167w\" sizes=\"(max-width: 1024px) 100vw, 1024px\" \/><\/figure><\/div>\n\n\n\n<p><\/p>\n\n\n\n<p><strong>UFO je geni\u00e1lny n\u00e1stroj s ve\u013emi jednoduchou kon\u0161trukciou. Disk tvoria dve oce\u013eov\u00e9 polgu\u013eovit\u00e9 misky spojen\u00e9 p\u00e1ntom a uzamykac\u00edm mechanizmom. Na vrcholci hornej pologule je umiestnen\u00e9 oce\u013eov\u00e9 o\u010dko, ktor\u00e9 sl\u00fa\u017ei na u\u013eah\u010denie manipul\u00e1cie. A pre\u010do pr\u00e1ve UFO? Spojte obe pologule, uzatvorte z\u00e1mku a sledujte!<\/strong><\/p>\n\n\n\n<p><\/p>\n\n\n\n<div class=\"wp-block-image\"><figure class=\"aligncenter size-large\"><img loading=\"lazy\" decoding=\"async\" width=\"1024\" height=\"768\" src=\"https:\/\/www.happyflame.eu\/wp-content\/uploads\/2020\/09\/pb290112.jpg\" alt=\"\" class=\"wp-image-57\" srcset=\"https:\/\/www.happyflame.eu\/wp-content\/uploads\/2020\/09\/pb290112.jpg 1024w, https:\/\/www.happyflame.eu\/wp-content\/uploads\/2020\/09\/pb290112-600x450.jpg 600w, https:\/\/www.happyflame.eu\/wp-content\/uploads\/2020\/09\/pb290112-300x225.jpg 300w, https:\/\/www.happyflame.eu\/wp-content\/uploads\/2020\/09\/pb290112-768x576.jpg 768w\" sizes=\"(max-width: 1024px) 100vw, 1024px\" \/><figcaption>Vyp\u00e1lenie UFO disku<\/figcaption><\/figure><\/div>\n\n\n\n<p><\/p>\n\n\n\n<p>Pred prv\u00fdm pou\u017eit\u00edm je potrebn\u00e9 UFO vyp\u00e1li\u0165. Pozor! N\u00e1dobu nikdy nevypa\u013eujte nasucho, pou\u017eite mas\u0165 alebo olej. Po vyp\u00e1len\u00ed UFO zmen\u00ed jasn\u00fa striebrist\u00fa farbu na tmav\u00fa, miestami v\u0161ak m\u00f4\u017eu osta\u0165 jemn\u00e9 f\u013eaky.<br>Po vyp\u00e1len\u00ed v\u00e1m ost\u00e1va iba jedin\u00e9 \u2013 naplni\u0165 UFO dobrotami od v\u00fdmyslu sveta!<\/p>\n\n\n\n<p>\u017div\u00e1nska inak:<br>Do spodnej misy UFO disku uklad\u00e1me p\u00e1siky slaninky, potom cibu\u013eu, m\u00e4so a nakoniec zemiaky. Vrstvenie opakujeme a\u017e k\u00fdm n\u00e1doba nie je pln\u00e1. Dno n\u00e1doby nie je nutn\u00e9 vylo\u017ei\u0165 alobalom, ale u\u013eah\u010duje to n\u00e1sledn\u00e9 \u010distenie. UFO zatvor\u00edme (nezabudneme uzamkn\u00fa\u0165) a vlo\u017e\u00edme do pahreby. Odpor\u00fa\u010dame po pribli\u017ene 20-25 min\u00fatach skontrolova\u0165 stav m\u00e4sa.<br>Disk z ohniska vyber\u00e1me prostredn\u00edctvom o\u010dka cez ktor\u00e9 prestr\u010d\u00edme kon\u00e1rik \u2013 u\u013eah\u010d\u00ed n\u00e1m to manipul\u00e1ciu s hor\u00facim UFO.<br>Po vybrat\u00ed disku z pahreby si neza\u0161kod\u00ed pripomen\u00fa\u0165 lekciu z fyziky o tepelnej roz\u0165a\u017enosti materi\u00e1lov. Hor\u00faci disk sa toti\u017e \u0165a\u017e\u0161ie otv\u00e1ra \u2013 pre nedo\u010dkavcov odpor\u00fa\u010dame pou\u017ei\u0165 surov\u00fa silu alebo n\u00e1radie.<\/p>\n\n\n\n<div class=\"wp-block-image\"><figure class=\"aligncenter size-large\"><img loading=\"lazy\" decoding=\"async\" width=\"1024\" height=\"722\" src=\"https:\/\/www.happyflame.eu\/wp-content\/uploads\/2020\/09\/UFO-Cooking-Dish-and-Us-1024x722.jpg\" alt=\"\" class=\"wp-image-150\" srcset=\"https:\/\/www.happyflame.eu\/wp-content\/uploads\/2020\/09\/UFO-Cooking-Dish-and-Us-1024x722.jpg 1024w, https:\/\/www.happyflame.eu\/wp-content\/uploads\/2020\/09\/UFO-Cooking-Dish-and-Us-300x212.jpg 300w, https:\/\/www.happyflame.eu\/wp-content\/uploads\/2020\/09\/UFO-Cooking-Dish-and-Us-768x541.jpg 768w, https:\/\/www.happyflame.eu\/wp-content\/uploads\/2020\/09\/UFO-Cooking-Dish-and-Us-1536x1083.jpg 1536w, https:\/\/www.happyflame.eu\/wp-content\/uploads\/2020\/09\/UFO-Cooking-Dish-and-Us.jpg 1600w\" sizes=\"(max-width: 1024px) 100vw, 1024px\" \/><\/figure><\/div>\n","protected":false},"excerpt":{"rendered":"<p>Star\u00e1te sa o ve\u013ek\u00fa z\u00e1hradu a neost\u00e1va v\u00e1m \u010das na pr\u00edpravu ve\u010dere? UFO &#8211; disk na pe\u010denie!Nem\u00e1te z\u00e1hradu, ale radi si u\u017e\u00edvate pobyt vo vo\u013enej pr\u00edrode, potulky lesom alebo ryb\u00e1r\u010denie? UFO -disk na pe\u010denie!Nie ste \u0161\u00e9fkuch\u00e1rom, ale radi by ste oh\u00farili va\u0161ich priate\u013eov v\u00fdnimo\u010dn\u00fdm jedlom? UFO &#8211; disk na pe\u010denie! UFO je geni\u00e1lny n\u00e1stroj s [&hellip;]<\/p>\n","protected":false},"author":1,"featured_media":28,"parent":0,"menu_order":0,"comment_status":"closed","ping_status":"open","template":"","meta":{"_bbp_topic_count":0,"_bbp_reply_count":0,"_bbp_total_topic_count":0,"_bbp_total_reply_count":0,"_bbp_voice_count":0,"_bbp_anonymous_reply_count":0,"_bbp_topic_count_hidden":0,"_bbp_reply_count_hidden":0,"_bbp_forum_subforum_count":0,"footnotes":""},"jetpack_sharing_enabled":true,"_links":{"self":[{"href":"https:\/\/www.happyflame.eu\/index.php?rest_route=\/wp\/v2\/pages\/2"}],"collection":[{"href":"https:\/\/www.happyflame.eu\/index.php?rest_route=\/wp\/v2\/pages"}],"about":[{"href":"https:\/\/www.happyflame.eu\/index.php?rest_route=\/wp\/v2\/types\/page"}],"author":[{"embeddable":true,"href":"https:\/\/www.happyflame.eu\/index.php?rest_route=\/wp\/v2\/users\/1"}],"replies":[{"embeddable":true,"href":"https:\/\/www.happyflame.eu\/index.php?rest_route=%2Fwp%2Fv2%2Fcomments&post=2"}],"version-history":[{"count":6,"href":"https:\/\/www.happyflame.eu\/index.php?rest_route=\/wp\/v2\/pages\/2\/revisions"}],"predecessor-version":[{"id":255,"href":"https:\/\/www.happyflame.eu\/index.php?rest_route=\/wp\/v2\/pages\/2\/revisions\/255"}],"wp:featuredmedia":[{"embeddable":true,"href":"https:\/\/www.happyflame.eu\/index.php?rest_route=\/wp\/v2\/media\/28"}],"wp:attachment":[{"href":"https:\/\/www.happyflame.eu\/index.php?rest_route=%2Fwp%2Fv2%2Fmedia&parent=2"}],"curies":[{"name":"wp","href":"https:\/\/api.w.org\/{rel}","templated":true}]}}