{"id":177,"date":"2020-09-26T15:30:55","date_gmt":"2020-09-26T13:30:55","guid":{"rendered":"https:\/\/www.happyflame.eu\/?page_id=177"},"modified":"2020-09-29T21:23:01","modified_gmt":"2020-09-29T19:23:01","slug":"uzitocne-ufo-tipy","status":"publish","type":"page","link":"https:\/\/www.happyflame.eu\/?page_id=177","title":{"rendered":"U\u017eito\u010dn\u00e9 UFO tipy"},"content":{"rendered":"\n<p><strong>\u010co by sme mali vedie\u0165 o&nbsp;disku:<\/strong><\/p>\n\n\n\n<div class=\"wp-block-image\"><figure class=\"alignleft size-large is-resized\"><img loading=\"lazy\" decoding=\"async\" src=\"https:\/\/www.happyflame.eu\/wp-content\/uploads\/2020\/09\/Co-by-sme-mali-vediet-o-disku-691x1024.jpg\" alt=\"\" class=\"wp-image-178\" width=\"368\" height=\"545\" srcset=\"https:\/\/www.happyflame.eu\/wp-content\/uploads\/2020\/09\/Co-by-sme-mali-vediet-o-disku-691x1024.jpg 691w, https:\/\/www.happyflame.eu\/wp-content\/uploads\/2020\/09\/Co-by-sme-mali-vediet-o-disku-202x300.jpg 202w, https:\/\/www.happyflame.eu\/wp-content\/uploads\/2020\/09\/Co-by-sme-mali-vediet-o-disku-768x1139.jpg 768w, https:\/\/www.happyflame.eu\/wp-content\/uploads\/2020\/09\/Co-by-sme-mali-vediet-o-disku-1036x1536.jpg 1036w, https:\/\/www.happyflame.eu\/wp-content\/uploads\/2020\/09\/Co-by-sme-mali-vediet-o-disku.jpg 1079w\" sizes=\"(max-width: 368px) 100vw, 368px\" \/><\/figure><\/div>\n\n\n\n<p><\/p>\n\n\n\n<p>Neh\u00e1d\u017e diskom, preuk\u00e1\u017e sebakontrolu! Nech je pahreba akoko\u013evek hor\u00faca, v\u017edy sa n\u00e1jde sp\u00f4sob na jej ulo\u017eenie a&nbsp;v\u00fdber. Tak sa d\u00e1 pred\u00eds\u0165 prelia\u010deniu disku, po\u0161kodeniu z\u00e1vesnej \u010dasti a&nbsp;z\u00e1mky.<\/p>\n\n\n\n<p>Nov\u00fd UFO disk sa v\u017edy mus\u00ed podrobi\u0165 \u201ezasv\u00e4teniu\u201c pred prv\u00fdm pou\u017eit\u00edm.<\/p>\n\n\n\n<p>Odkedy existuje alobal, kuch\u00e1ri ho za\u010dali pou\u017e\u00edva\u0165 na vystlanie spodnej \u010dasti disku, \u010d\u00edm sa zna\u010dne u\u013eah\u010d\u00ed jeho umytie po skon\u010den\u00ed varenia. Tento postup dok\u00e1\u017ee u\u013eah\u010di\u0165 najm\u00e4 \u010distenie po jedl\u00e1ch obsahuj\u00facich syr a&nbsp;smotanu.<\/p>\n\n\n\n<p>Disk po vybrat\u00ed z&nbsp;pahreby nechajte odpo\u010d\u00edva\u0165 4-5 min\u00fat, k\u00fdm vychladn\u00fa obe jeho \u010dasti, a\u017e potom ho otvorte.<\/p>\n\n\n\n<p>Pozor! Nielen hor\u00face \u017eelezo, ale aj hor\u00faca para nahromaden\u00e1 v&nbsp;disku dok\u00e1\u017ee sp\u00f4sobi\u0165 pop\u00e1leniny, preto manipulujte s&nbsp;diskom v\u017edy opatrne!<\/p>\n\n\n\n<p>Pr\u00edprava dobre napl\u00e1novan\u00e9ho jedla v&nbsp;disku je ve\u013emi v\u010fa\u010dn\u00e1, po\u010das tej pribli\u017ene jednej hodiny, k\u00fdm sa pripravuje, m\u00f4\u017eete vyhladn\u00fa\u0165 ako vlk: hra\u0165 futbal, ryb\u00e1r\u010di\u0165, pop\u00edja\u0165.<\/p>\n\n\n\n<p>Recept je ve\u013emi jednoduch\u00fd: vlo\u017ete do\u0148 v\u0161etko, \u010do m\u00e1te poruke (slaninu, zeleninu, pl\u00e1tky m\u00e4sa, zeleninu a&nbsp;e\u0161te trocha slaniny) a&nbsp;vlo\u017ete do pahreby! Jedlo nemus\u00edte dokonca ani premie\u0161a\u0165. Nebojte sa, ur\u010dite v\u00e1m neprihor\u00ed. Cca po jednej hodine, ke\u010f u\u017e z\u00e1hradu napln\u00ed v\u00f4\u0148a dusenej zeleniny, m\u00e1te pokrm hotov\u00fd! Pre nesk\u00fasen\u00fdch v\u0161ak e\u0161te odpor\u00fa\u010dame z&nbsp;\u010dasu na \u010das dohliada\u0165 na pr\u00edpravu \ud83d\ude0a<\/p>\n\n\n\n<p>Vysk\u00fa\u0161ali sme u\u017e rozli\u010dn\u00e9 vari\u00e1cie s&nbsp;\u00faden\u00fdm kolenom, rybou, hydinou, alebo iba so zeleninou&#8230; m\u0148am!<\/p>\n\n\n\n<p>Ke\u010f\u017ee nemus\u00edte jedlo po\u010das pr\u00edpravy premie\u0161ava\u0165, neuvo\u013e\u0148uje sa ani para. Mus\u00edte si tak d\u00e1va\u0165 pozor s&nbsp;korenen\u00edm, nechcete predsa, aby jedlo \u00faplne stratilo svoju prirodzen\u00fa chu\u0165.<\/p>\n","protected":false},"excerpt":{"rendered":"<p>\u010co by sme mali vedie\u0165 o&nbsp;disku: Neh\u00e1d\u017e diskom, preuk\u00e1\u017e sebakontrolu! Nech je pahreba akoko\u013evek hor\u00faca, v\u017edy sa n\u00e1jde sp\u00f4sob na jej ulo\u017eenie a&nbsp;v\u00fdber. Tak sa d\u00e1 pred\u00eds\u0165 prelia\u010deniu disku, po\u0161kodeniu z\u00e1vesnej \u010dasti a&nbsp;z\u00e1mky. Nov\u00fd UFO disk sa v\u017edy mus\u00ed podrobi\u0165 \u201ezasv\u00e4teniu\u201c pred prv\u00fdm pou\u017eit\u00edm. Odkedy existuje alobal, kuch\u00e1ri ho za\u010dali pou\u017e\u00edva\u0165 na vystlanie spodnej \u010dasti [&hellip;]<\/p>\n","protected":false},"author":4,"featured_media":178,"parent":2,"menu_order":0,"comment_status":"closed","ping_status":"closed","template":"","meta":{"_bbp_topic_count":0,"_bbp_reply_count":0,"_bbp_total_topic_count":0,"_bbp_total_reply_count":0,"_bbp_voice_count":0,"_bbp_anonymous_reply_count":0,"_bbp_topic_count_hidden":0,"_bbp_reply_count_hidden":0,"_bbp_forum_subforum_count":0,"footnotes":""},"jetpack_sharing_enabled":true,"_links":{"self":[{"href":"https:\/\/www.happyflame.eu\/index.php?rest_route=\/wp\/v2\/pages\/177"}],"collection":[{"href":"https:\/\/www.happyflame.eu\/index.php?rest_route=\/wp\/v2\/pages"}],"about":[{"href":"https:\/\/www.happyflame.eu\/index.php?rest_route=\/wp\/v2\/types\/page"}],"author":[{"embeddable":true,"href":"https:\/\/www.happyflame.eu\/index.php?rest_route=\/wp\/v2\/users\/4"}],"replies":[{"embeddable":true,"href":"https:\/\/www.happyflame.eu\/index.php?rest_route=%2Fwp%2Fv2%2Fcomments&post=177"}],"version-history":[{"count":5,"href":"https:\/\/www.happyflame.eu\/index.php?rest_route=\/wp\/v2\/pages\/177\/revisions"}],"predecessor-version":[{"id":288,"href":"https:\/\/www.happyflame.eu\/index.php?rest_route=\/wp\/v2\/pages\/177\/revisions\/288"}],"up":[{"embeddable":true,"href":"https:\/\/www.happyflame.eu\/index.php?rest_route=\/wp\/v2\/pages\/2"}],"wp:featuredmedia":[{"embeddable":true,"href":"https:\/\/www.happyflame.eu\/index.php?rest_route=\/wp\/v2\/media\/178"}],"wp:attachment":[{"href":"https:\/\/www.happyflame.eu\/index.php?rest_route=%2Fwp%2Fv2%2Fmedia&parent=177"}],"curies":[{"name":"wp","href":"https:\/\/api.w.org\/{rel}","templated":true}]}}