{"id":147,"date":"2020-09-26T13:32:24","date_gmt":"2020-09-26T11:32:24","guid":{"rendered":"https:\/\/www.happyflame.eu\/?page_id=147"},"modified":"2020-09-29T21:18:19","modified_gmt":"2020-09-29T19:18:19","slug":"ufo-a-my","status":"publish","type":"page","link":"https:\/\/www.happyflame.eu\/?page_id=147","title":{"rendered":"UFO a my"},"content":{"rendered":"\n<p><strong>Na tento jednoduch\u00fd, ale o&nbsp;to geni\u00e1lnej\u0161\u00ed n\u00e1stroj na pe\u010denie v&nbsp;pahrebe sme natrafili ako v\u00e1\u0161niv\u00ed milovn\u00edci pe\u010denia, varenia, grilovania a&nbsp;pr\u00edpravy jed\u00e1l v&nbsp;peci.<br>Ak existuje l\u00e1ska na prv\u00fd poh\u013ead, tak je to pr\u00e1ve UFO &#8211; disk na pe\u010denie.<\/strong><\/p>\n\n\n\n<p><\/p>\n\n\n\n<div class=\"wp-block-image is-style-rounded\"><figure class=\"aligncenter size-large\"><img loading=\"lazy\" decoding=\"async\" width=\"1024\" height=\"452\" src=\"https:\/\/www.happyflame.eu\/wp-content\/uploads\/2020\/09\/pork-in-the-dish-1024x452.jpg\" alt=\"\" class=\"wp-image-148\" srcset=\"https:\/\/www.happyflame.eu\/wp-content\/uploads\/2020\/09\/pork-in-the-dish-1024x452.jpg 1024w, https:\/\/www.happyflame.eu\/wp-content\/uploads\/2020\/09\/pork-in-the-dish-300x132.jpg 300w, https:\/\/www.happyflame.eu\/wp-content\/uploads\/2020\/09\/pork-in-the-dish-768x339.jpg 768w, https:\/\/www.happyflame.eu\/wp-content\/uploads\/2020\/09\/pork-in-the-dish-1536x678.jpg 1536w, https:\/\/www.happyflame.eu\/wp-content\/uploads\/2020\/09\/pork-in-the-dish-2048x904.jpg 2048w\" sizes=\"(max-width: 1024px) 100vw, 1024px\" \/><\/figure><\/div>\n\n\n\n<p><\/p>\n\n\n\n<p><strong>DISK NA PE\u010cENIE<\/strong> je \u017eelezn\u00e1 n\u00e1doba s&nbsp;vynikaj\u00facimi vlastnos\u0165ami. Po\u010das pr\u00edpravy zeleniny sa ich \u0161\u0165ava uvo\u013en\u00ed, v\u010faka prvotriednym izola\u010dn\u00fdm vlastnostiam sa para spolu s&nbsp;chu\u0165ou a&nbsp;v\u00f4\u0148ami nevytratia, ale vy\u010daruj\u00fa \u0161\u0165avnat\u00e9 m\u00e4sko.<br><br>Predchodcu UFO disku z&nbsp;tepan\u00e9ho \u017eeleza pou\u017e\u00edvali u\u017e za \u010dias renesancie v&nbsp;Taliansku &#8211; najm\u00e4 kuch\u00e1ri \u0161\u013eachtick\u00fdch rodov. Rozli\u010dn\u00e9 jedl\u00e1 pripravovali v&nbsp;hor\u00facej pahrebe krbov.<br>V Srbsku sa na\u0161li podobn\u00e9 n\u00e1doby z&nbsp;konca 19. storo\u010dia. Na ich vrchnej \u010dasti sa nach\u00e1dzal golier kruhov\u00e9ho tvaru, ktor\u00fd pravdepodobne sl\u00fa\u017eil na udr\u017eanie pahreby. Na predchodcu n\u00e1\u0161ho UFO disku sme natrafili v&nbsp;zbierke ma\u010farsk\u00e9ho \u013eudov\u00e9ho umenia, bol n\u00e1strojom drevoruba\u010dov a&nbsp;spa\u013eova\u010dov uhlia v&nbsp;pohor\u00ed Matra.<\/p>\n\n\n\n<p><\/p>\n\n\n\n<div class=\"wp-block-image is-style-rounded\"><figure class=\"aligncenter size-large\"><img loading=\"lazy\" decoding=\"async\" width=\"960\" height=\"540\" src=\"https:\/\/www.happyflame.eu\/wp-content\/uploads\/2020\/09\/Happy-Flame-UFO-Cooking-dish-in-tehe-fire.jpg\" alt=\"\" class=\"wp-image-149\" srcset=\"https:\/\/www.happyflame.eu\/wp-content\/uploads\/2020\/09\/Happy-Flame-UFO-Cooking-dish-in-tehe-fire.jpg 960w, https:\/\/www.happyflame.eu\/wp-content\/uploads\/2020\/09\/Happy-Flame-UFO-Cooking-dish-in-tehe-fire-300x169.jpg 300w, https:\/\/www.happyflame.eu\/wp-content\/uploads\/2020\/09\/Happy-Flame-UFO-Cooking-dish-in-tehe-fire-768x432.jpg 768w\" sizes=\"(max-width: 960px) 100vw, 960px\" \/><\/figure><\/div>\n\n\n\n<p><\/p>\n\n\n\n<p>\u010cerpaj\u00fac z&nbsp;historick\u00e9ho opisu tejto ob\u013e\u00fabenej n\u00e1doby sme sa sna\u017eili vyvin\u00fa\u0165 jej podobu ktor\u00e1 by sa stala u\u017eito\u010dn\u00fdm, \u013eahko premiestnite\u013en\u00fdm, cenovo dostupn\u00fdm a dlhotrvaj\u00facim n\u00e1strojom pre milovn\u00edkov pr\u00edrody. Pr\u00e1ve preto sme sa rozhodli pre nasleduj\u00faci slogan:<\/p>\n\n\n\n<p><strong> <em>UFO &#8211; disk na pe\u010denie<br>In\u0161pirovan\u00fd minulos\u0165ou, navrhnut\u00fd pre bud\u00facnos\u0165!<\/em><\/strong><em><br><br><\/em><\/p>\n","protected":false},"excerpt":{"rendered":"<p>Na tento jednoduch\u00fd, ale o&nbsp;to geni\u00e1lnej\u0161\u00ed n\u00e1stroj na pe\u010denie v&nbsp;pahrebe sme natrafili ako v\u00e1\u0161niv\u00ed milovn\u00edci pe\u010denia, varenia, grilovania a&nbsp;pr\u00edpravy jed\u00e1l v&nbsp;peci.Ak existuje l\u00e1ska na prv\u00fd poh\u013ead, tak je to pr\u00e1ve UFO &#8211; disk na pe\u010denie. DISK NA PE\u010cENIE je \u017eelezn\u00e1 n\u00e1doba s&nbsp;vynikaj\u00facimi vlastnos\u0165ami. Po\u010das pr\u00edpravy zeleniny sa ich \u0161\u0165ava uvo\u013en\u00ed, v\u010faka prvotriednym izola\u010dn\u00fdm vlastnostiam sa [&hellip;]<\/p>\n","protected":false},"author":4,"featured_media":150,"parent":0,"menu_order":0,"comment_status":"closed","ping_status":"closed","template":"","meta":{"_bbp_topic_count":0,"_bbp_reply_count":0,"_bbp_total_topic_count":0,"_bbp_total_reply_count":0,"_bbp_voice_count":0,"_bbp_anonymous_reply_count":0,"_bbp_topic_count_hidden":0,"_bbp_reply_count_hidden":0,"_bbp_forum_subforum_count":0,"footnotes":""},"jetpack_sharing_enabled":true,"_links":{"self":[{"href":"https:\/\/www.happyflame.eu\/index.php?rest_route=\/wp\/v2\/pages\/147"}],"collection":[{"href":"https:\/\/www.happyflame.eu\/index.php?rest_route=\/wp\/v2\/pages"}],"about":[{"href":"https:\/\/www.happyflame.eu\/index.php?rest_route=\/wp\/v2\/types\/page"}],"author":[{"embeddable":true,"href":"https:\/\/www.happyflame.eu\/index.php?rest_route=\/wp\/v2\/users\/4"}],"replies":[{"embeddable":true,"href":"https:\/\/www.happyflame.eu\/index.php?rest_route=%2Fwp%2Fv2%2Fcomments&post=147"}],"version-history":[{"count":4,"href":"https:\/\/www.happyflame.eu\/index.php?rest_route=\/wp\/v2\/pages\/147\/revisions"}],"predecessor-version":[{"id":287,"href":"https:\/\/www.happyflame.eu\/index.php?rest_route=\/wp\/v2\/pages\/147\/revisions\/287"}],"wp:featuredmedia":[{"embeddable":true,"href":"https:\/\/www.happyflame.eu\/index.php?rest_route=\/wp\/v2\/media\/150"}],"wp:attachment":[{"href":"https:\/\/www.happyflame.eu\/index.php?rest_route=%2Fwp%2Fv2%2Fmedia&parent=147"}],"curies":[{"name":"wp","href":"https:\/\/api.w.org\/{rel}","templated":true}]}}